{"id":844,"date":"2025-02-25T12:30:01","date_gmt":"2025-02-25T17:30:01","guid":{"rendered":"http:\/\/brunomillerauthor.com\/?page_id=844"},"modified":"2025-02-25T12:39:04","modified_gmt":"2025-02-25T17:39:04","slug":"fur-deutsche-leser","status":"publish","type":"page","link":"http:\/\/brunomillerauthor.com\/?page_id=844","title":{"rendered":"F\u00fcr deutsche Leser"},"content":{"rendered":"<h3><a href=\"http:\/\/brunomillerauthor.com\/wp-content\/uploads\/2025\/02\/Website-banner.png\"><img loading=\"lazy\" decoding=\"async\" class=\"alignnone size-full wp-image-850\" src=\"http:\/\/brunomillerauthor.com\/wp-content\/uploads\/2025\/02\/Website-banner.png\" alt=\"\" width=\"828\" height=\"315\" srcset=\"http:\/\/brunomillerauthor.com\/wp-content\/uploads\/2025\/02\/Website-banner.png 828w, http:\/\/brunomillerauthor.com\/wp-content\/uploads\/2025\/02\/Website-banner-300x114.png 300w, http:\/\/brunomillerauthor.com\/wp-content\/uploads\/2025\/02\/Website-banner-768x292.png 768w, http:\/\/brunomillerauthor.com\/wp-content\/uploads\/2025\/02\/Website-banner-825x315.png 825w\" sizes=\"auto, (max-width: 828px) 100vw, 828px\" \/><\/a><\/h3>\n<h3>Herzlich willkommen! Ich bin dabei, meine B\u00fccher ins Deutsche \u00fcbersetzen zu lassen. Ich hoffe, sie gefallen Ihnen.<\/h3>\n<p><strong><br \/>\n<a href=\"http:\/\/brunomillerauthor.com\/wp-content\/uploads\/2025\/02\/Breakdown-final-cover-scaled.jpg\"><img loading=\"lazy\" decoding=\"async\" class=\"wp-image-846 size-medium alignleft\" src=\"http:\/\/brunomillerauthor.com\/wp-content\/uploads\/2025\/02\/Breakdown-final-cover-200x300.jpg\" alt=\"\" width=\"200\" height=\"300\" srcset=\"http:\/\/brunomillerauthor.com\/wp-content\/uploads\/2025\/02\/Breakdown-final-cover-200x300.jpg 200w, http:\/\/brunomillerauthor.com\/wp-content\/uploads\/2025\/02\/Breakdown-final-cover-683x1024.jpg 683w, http:\/\/brunomillerauthor.com\/wp-content\/uploads\/2025\/02\/Breakdown-final-cover-768x1152.jpg 768w, http:\/\/brunomillerauthor.com\/wp-content\/uploads\/2025\/02\/Breakdown-final-cover-1024x1536.jpg 1024w, http:\/\/brunomillerauthor.com\/wp-content\/uploads\/2025\/02\/Breakdown-final-cover-1365x2048.jpg 1365w, http:\/\/brunomillerauthor.com\/wp-content\/uploads\/2025\/02\/Breakdown-final-cover-scaled.jpg 1707w\" sizes=\"auto, (max-width: 200px) 100vw, 200px\" \/><\/a><\/strong><span id=\"productTitle\" class=\"a-size-large celwidget\" data-csa-c-id=\"kt09gp-8s13ha-7jxk0s-gsnxpr\" data-cel-widget=\"productTitle\"><strong>Zusammenbruch: Postapokalyptisches EMP-Survival-Serie<br \/>\nDunkle Stra\u00dfe 1<\/strong><br \/>\n<\/span><strong>May 2018<br \/>\nBuy: <a href=\"https:\/\/www.amazon.de\/Zusammenbruch-Postapokalyptisches-EMP-Survival-Serie-Dunkle-Stra%C3%9Fe-ebook\/dp\/B0DY5RQGKB\">Kindle<\/a>\u00a0| <a href=\"https:\/\/www.amazon.de\/dp\/B0DYD1N4N2\/ref=tmm_pap_swatch_0\">Print<\/a><br \/>\n<\/strong><\/p>\n<p style=\"text-align: left;\"><strong><span class=\"a-text-bold\">Haben Sie das Zeug zum \u00dcberleben?<\/span><\/strong><\/p>\n<p>Ben Davis war auf eine Katastrophe vorbereitet. Er wusste nur nicht, dass sie so bald kommen w\u00fcrde.<\/p>\n<p>Er und sein Teenager-Sohn Joel sind kilometerweit in der Wildnis der San Juan Mountains unterwegs, als hochaufsteigende nukleare elektromagnetische Detonationen den Himmel vor der Morgend\u00e4mmerung erhellen. Ben, Joel und ihr Hund Gunner m\u00fcssen sich zu Fu\u00df auf den Heimweg machen \u2013 oder zu dem, was davon \u00fcbrig ist.<\/p>\n<p>Ohne die M\u00f6glichkeit, mit seiner Ex-Frau in Maryland zu kommunizieren, hat Ben keine Ahnung, ob es Joels Bruder und Schwester gut geht. Die beiden entscheiden, dass sie keine andere Wahl haben, als nach Osten aufzubrechen. Bevor ihre Reise beginnt, wagen sie sich in die Stadt, um in Bens Outdoor-Laden nach Vorr\u00e4ten zu suchen. Dort entdecken sie Allie, eine von Joels Klassenkameradinnen, die allein und dringend auf Hilfe angewiesen ist.<\/p>\n<p>Als Ben klar wird, dass Allies Mutter, eine Flugbegleiterin, h\u00f6chstwahrscheinlich tot ist und ihr Vater in Pittsburgh lebt, wei\u00df er, dass er sie mitnehmen muss. Ben muss die F\u00e4higkeiten einsetzen, die er vor vielen Jahren als Army Ranger gelernt hat, um in der postapokalyptischen Welt zu \u00fcberleben, in der sie sich nun befinden.<\/p>\n<p>Kann er sich und die beiden Teenager sch\u00fctzen, w\u00e4hrend sie die dunkle und gef\u00e4hrliche Stra\u00dfe vor sich beschreiten?<\/p>\n","protected":false},"excerpt":{"rendered":"<p>Herzlich willkommen! Ich bin dabei, meine B\u00fccher ins Deutsche \u00fcbersetzen zu lassen. Ich hoffe, sie gefallen Ihnen. Zusammenbruch: Postapokalyptisches EMP-Survival-Serie Dunkle Stra\u00dfe 1 May 2018 Buy: Kindle\u00a0| Print Haben Sie das Zeug zum \u00dcberleben? Ben Davis war auf eine Katastrophe vorbereitet. Er wusste nur nicht, dass sie so bald kommen w\u00fcrde. Er und sein Teenager-Sohn &hellip; <a href=\"http:\/\/brunomillerauthor.com\/?page_id=844\" class=\"more-link\">Continue reading <span class=\"screen-reader-text\">F\u00fcr deutsche Leser<\/span><\/a><\/p>\n","protected":false},"author":4,"featured_media":0,"parent":0,"menu_order":0,"comment_status":"closed","ping_status":"closed","template":"","meta":{"footnotes":""},"class_list":["post-844","page","type-page","status-publish","hentry"],"_links":{"self":[{"href":"http:\/\/brunomillerauthor.com\/index.php?rest_route=\/wp\/v2\/pages\/844","targetHints":{"allow":["GET"]}}],"collection":[{"href":"http:\/\/brunomillerauthor.com\/index.php?rest_route=\/wp\/v2\/pages"}],"about":[{"href":"http:\/\/brunomillerauthor.com\/index.php?rest_route=\/wp\/v2\/types\/page"}],"author":[{"embeddable":true,"href":"http:\/\/brunomillerauthor.com\/index.php?rest_route=\/wp\/v2\/users\/4"}],"replies":[{"embeddable":true,"href":"http:\/\/brunomillerauthor.com\/index.php?rest_route=%2Fwp%2Fv2%2Fcomments&post=844"}],"version-history":[{"count":4,"href":"http:\/\/brunomillerauthor.com\/index.php?rest_route=\/wp\/v2\/pages\/844\/revisions"}],"predecessor-version":[{"id":851,"href":"http:\/\/brunomillerauthor.com\/index.php?rest_route=\/wp\/v2\/pages\/844\/revisions\/851"}],"wp:attachment":[{"href":"http:\/\/brunomillerauthor.com\/index.php?rest_route=%2Fwp%2Fv2%2Fmedia&parent=844"}],"curies":[{"name":"wp","href":"https:\/\/api.w.org\/{rel}","templated":true}]}}